{"id":666,"date":"2022-09-24T14:37:10","date_gmt":"2022-09-24T14:37:10","guid":{"rendered":"https:\/\/aucometoi.com\/?page_id=666"},"modified":"2022-11-17T14:57:26","modified_gmt":"2022-11-17T14:57:26","slug":"frequently-asked-questions","status":"publish","type":"page","link":"https:\/\/aucometoi.com\/en\/frequently-asked-questions\/","title":{"rendered":"C\u00e2u H\u1ecfi Th\u01b0\u1eddng G\u1eb7p"},"content":{"rendered":"<div data-elementor-type=\"wp-page\" data-elementor-id=\"666\" class=\"elementor elementor-666\">\n\t\t\t\t\t\t<section class=\"elementor-section elementor-top-section elementor-element elementor-element-3bb77a0 elementor-section-full_width elementor-section-height-default elementor-section-height-default wpr-particle-no wpr-jarallax-no wpr-parallax-no wpr-sticky-section-no\" data-id=\"3bb77a0\" data-element_type=\"section\">\n\t\t\t\t\t\t<div class=\"elementor-container elementor-column-gap-default\">\n\t\t\t\t\t<div class=\"elementor-column elementor-col-100 elementor-top-column elementor-element elementor-element-11bbac4\" data-id=\"11bbac4\" data-element_type=\"column\">\n\t\t\t<div class=\"elementor-widget-wrap elementor-element-populated\">\n\t\t\t\t\t\t<div class=\"elementor-element elementor-element-5c85d0e elementor-widget elementor-widget-heading\" data-id=\"5c85d0e\" data-element_type=\"widget\" data-widget_type=\"heading.default\">\n\t\t\t\t<div class=\"elementor-widget-container\">\n\t\t\t\t\t<h2 class=\"elementor-heading-title elementor-size-default\">C\u00e2u H\u1ecfi Th\u01b0\u1eddng G\u1eb7p<\/h2>\t\t\t\t<\/div>\n\t\t\t\t<\/div>\n\t\t\t\t<div class=\"elementor-element elementor-element-a1e59a1 elementor-widget elementor-widget-text-editor\" data-id=\"a1e59a1\" data-element_type=\"widget\" data-widget_type=\"text-editor.default\">\n\t\t\t\t<div class=\"elementor-widget-container\">\n\t\t\t\t\t\t\t\t\t<p><\/p><ol><li><b> \u00c2u C\u01a1 M\u1eb9 T\u00f4i l\u00e0 g\u00ec?<\/b><\/li><\/ol><p><b>\u00c2u C\u01a1 M\u1eb9 T\u00f4i <\/b><span style=\"font-weight: 400;\">l\u00e0 trang blog vi\u1ebft b\u1edfi M\u1eb9 B\u01a1, m\u1ed9t b\u00e0 m\u1eb9 hai con, cung c\u1ea5p c\u00e1c th\u00f4ng tin v\u00e0 kinh nghi\u1ec7m h\u1eefu \u00edch trong vi\u1ec7c <\/span><b>Th\u1ee5 thai, Mang thai, Nu\u00f4i con, D\u1ea1y con.<\/b><\/p><p>\u00a0<\/p><ol start=\"2\"><li><b> \u00c2u C\u01a1 M\u1eb9 T\u00f4i cung c\u1ea5p nh\u1eefng n\u1ed9i dung g\u00ec?<\/b><\/li><\/ol><p><span style=\"font-weight: 400;\">\u0110i\u1ec3m th\u00fa v\u1ecb c\u1ee7a \u00c2u C\u01a1 M\u1eb9 T\u00f4i l\u00e0 c\u00e1c n\u1ed9i dung, \u1ee9ng d\u1ee5ng \u0111\u01b0\u1ee3c ph\u00e2n lo\u1ea1i theo <\/span><b>s\u1ef1 ph\u00e1t tri\u1ec3n theo th\u1eddi gian c\u1ee7a b\u1ea1n, <\/b><span style=\"font-weight: 400;\">v\u00e0 <\/span><b>c\u01a1 s\u1edf khoa h\u1ecdc.\u00a0 <\/b><span style=\"font-weight: 400;\">Do \u0111\u00f3, khi b\u1ea1n \u0111\u1ecdc b\u00e0i vi\u1ebft tr\u00ean trang n\u00e0y, b\u1ea1n c\u00f3 th\u1ec3 d\u1ec5 d\u00e0ng t\u00ecm th\u1ea5y n\u1ed9i dung li\u00ean quan \u0111\u1ebfn con m\u00ecnh.<\/span><\/p><p>\u00a0<\/p><ol start=\"3\"><li><b> T\u00f4i c\u00f3 th\u1ec3 b\u00ecnh lu\u1eadn v\u1ec1 c\u00e1c b\u00e0i vi\u1ebft tr\u00ean \u00c2u C\u01a1 M\u1eb9 T\u00f4i kh\u00f4ng?<\/b><\/li><\/ol><p><span style=\"font-weight: 400;\">B\u1ea1n c\u00f3 th\u1ec3 c\u1ea7n \u0111\u0103ng nh\u1eadp v\u00e0o t\u00e0i kho\u1ea3n c\u1ee7a m\u00ecnh, \u0111\u00e3 \u0111\u0103ng k\u00fd v\u1edbi \u00c2u C\u01a1 M\u1eb9 T\u00f4i, \u0111\u1ec3 b\u00ecnh lu\u1eadn d\u01b0\u1edbi m\u1ed7i b\u00e0i vi\u1ebft \u0111\u01b0\u1ee3c \u0111\u0103ng t\u1ea3i.<\/span><\/p><p>\u00a0<\/p><ol start=\"4\"><li><b> T\u00f4i c\u00f3 th\u1ec3 t\u00ecm ki\u1ebfm b\u00e0i vi\u1ebft li\u00ean quan tr\u00ean trang \u00c2u C\u01a1 M\u1eb9 T\u00f4i kh\u00f4ng?<\/b><\/li><\/ol><p><span style=\"font-weight: 400;\">Trong danh m\u1ee5c Blog, b\u1ea1n c\u00f3 th\u1ec3 t\u00ecm ki\u1ebfm b\u1eb1ng c\u00e1ch g\u00f5 c\u00e1c t\u1eeb kh\u00f3a mu\u1ed1n t\u00ecm ki\u1ebfm v\u00e0o \u00f4 t\u00ecm ki\u1ebfm b\u00ean ph\u1ea3i c\u1ee7a trang Blog.<\/span><\/p><p>\u00a0<\/p><ol start=\"5\"><li><b> C\u00e1c th\u00f4ng tin \u0111\u0103ng t\u1ea3i tr\u00ean trang \u00c2u C\u01a1 M\u1eb9 T\u00f4i c\u00f3 tin c\u1eady kh\u00f4ng?<\/b><\/li><\/ol><p><span style=\"font-weight: 400;\">C\u00e1c b\u00e0i vi\u1ebft blog \u0111\u0103ng t\u1ea3i tr\u00ean \u00c2u C\u01a1 M\u1eb9 T\u00f4i \u0111\u01b0\u1ee3c t\u1ed5ng h\u1ee3p t\u1eeb nhi\u1ec1u ngu\u1ed3n th\u00f4ng tin khoa h\u1ecdc, b\u00e0i b\u00e1o, nghi\u00ean c\u1ee9u c\u1ee7a chuy\u00ean gia,..v..v.. ; k\u1ebft h\u1ee3p v\u1edbi kinh nghi\u1ec7m nu\u00f4i con th\u1ef1c t\u1ebf c\u1ee7a M\u1eb9 B\u01a1. V\u00ec v\u1eady, c\u00e1c chia s\u1ebb tr\u00ean trang blog s\u1ebd mang t\u00ednh ch\u1ea5t chia s\u1ebb kinh nghi\u1ec7m h\u01a1n l\u00e0 \u0111\u01b0a ra c\u00e1c b\u1eb1ng ch\u1ee9ng nghi\u00ean c\u1ee9u khoa h\u1ecdc.<\/span><\/p><p>\u00a0<\/p><ol start=\"6\"><li><b> C\u00e1c th\u00f4ng tin v\u1ec1 y t\u1ebf v\u00e0 t\u00e2m l\u00fd h\u1ecdc \u0111\u01b0\u1ee3c \u00c2u C\u01a1 M\u1eb9 T\u00f4i l\u1ea5y t\u1eeb ngu\u1ed3n n\u00e0o?<\/b><\/li><\/ol><p><span style=\"font-weight: 400;\">Th\u00f4ng tin c\u1ee7a ch\u00fang t\u00f4i \u0111\u01b0\u1ee3c thu th\u1eadp qua qu\u00e1 tr\u00ecnh t\u00ecm hi\u1ec3u, nghi\u00ean c\u1ee9u tr\u00ean c\u00e1c website trong v\u00e0 ngo\u00e0i n\u01b0\u1edbc kh\u00e1c, d\u1ef1a tr\u00ean nh\u1eefng nghi\u00ean c\u1ee9u m\u1edbi nh\u1ea5t v\u1ec1 vi\u1ec7c ch\u0103m s\u00f3c, nu\u00f4i d\u1ea1y tr\u1ebb em.<\/span><\/p><p>\u00a0<\/p><ol start=\"7\"><li><b> C\u00e1c th\u00f4ng tin, gi\u1ea3i ph\u00e1p \u0111\u0103ng tr\u00ean \u00c2u C\u01a1 M\u1eb9 T\u00f4i c\u00f3 an to\u00e0n kh\u00f4ng?<\/b><\/li><\/ol><p><span style=\"font-weight: 400;\">T\u1ea5t c\u1ea3 th\u00f4ng tin tr\u00ean trang \u0111\u01b0\u1ee3c thu th\u1eadp v\u00e0 t\u1ed5ng h\u1ee3p t\u1eeb c\u00e1c trang \u01b0u t\u00edn, \u0111\u01b0\u1ee3c c\u00f4ng nh\u1eadn kh\u00e1c tr\u00ean Th\u1ebf Gi\u1edbi. Nhi\u1ec1u ngu\u1ed3n c\u00f3 th\u1ec3 vi\u1ebft b\u1eb1ng ng\u00f4n ng\u1eef kh\u00e1c nh\u01b0 Ti\u1ebfng Anh, v\u00e0 \u0111\u01b0\u1ee3c d\u1ecbch ra \u0111\u1ec3 ph\u00f9 h\u1ee3p v\u1edbi v\u0103n h\u00f3a, s\u1ef1 \u0111\u1ecdc hi\u1ec3u c\u1ee7a \u0111\u1ed9c gi\u1ea3 Vi\u1ec7t Nam.<\/span><\/p><p>\u00a0<\/p><ol start=\"8\"><li><b> T\u00f4i mu\u1ed1n li\u00ean h\u1ec7 \u0111\u1ec3 qu\u1ea3ng c\u00e1o tr\u00ean trang \u00c2u C\u01a1 M\u1eb9 T\u00f4i th\u00ec ph\u1ea3i l\u00e0m th\u1ebf n\u00e0o?<\/b><\/li><\/ol><p><span style=\"font-weight: 400;\">B\u1ea1n li\u00ean h\u1ec7 qua h\u00f2m mail support@aucometoi.com \u0111\u1ec3 c\u00f3 th\u00f4ng tin v\u1ec1 v\u1ecb tr\u00ed \u0111\u1eb7t qu\u1ea3ng c\u00e1o, v\u00e0 c\u00e1c th\u00f4ng tin li\u00ean quan kh\u00e1c.<\/span><\/p><p>\u00a0<\/p><ol start=\"9\"><li><b> Khi c\u1ea7n h\u1ed7 tr\u1ee3, t\u00f4i c\u1ea7n li\u00ean h\u1ec7 nh\u01b0 th\u1ebf n\u00e0o?<\/b><\/li><\/ol><p><span style=\"font-weight: 400;\">Khi b\u1ea1n c\u00f3 b\u1ea5t k\u00ec c\u00e2u h\u1ecfi n\u00e0o v\u1ec1 \u00c2u C\u01a1 M\u1eb9 T\u00f4i, ho\u1eb7c nh\u1eefng b\u00e0i vi\u1ebft li\u00ean quan tr\u00ean \u00c2u C\u01a1 M\u1eb9 T\u00f4i, b\u1ea1n c\u00f3 th\u1ec3 g\u1eedi email v\u1ec1 h\u00f2m mail <\/span><a href=\"mailto:support@aucometoi.com\"><span style=\"font-weight: 400;\">support@aucometoi.com<\/span><\/a><\/p><p><\/p>\t\t\t\t\t\t\t\t<\/div>\n\t\t\t\t<\/div>\n\t\t\t\t\t<\/div>\n\t\t<\/div>\n\t\t\t\t\t<\/div>\n\t\t<\/section>\n\t\t\t\t<\/div>","protected":false},"excerpt":{"rendered":"<p>C\u00e2u H\u1ecfi Th\u01b0\u1eddng G\u1eb7p \u00c2u C\u01a1 M\u1eb9 T\u00f4i l\u00e0 g\u00ec? \u00c2u C\u01a1 M\u1eb9 T\u00f4i l\u00e0 trang blog vi\u1ebft b\u1edfi M\u1eb9 B\u01a1, m\u1ed9t b\u00e0 m\u1eb9 hai con, cung c\u1ea5p c\u00e1c th\u00f4ng tin v\u00e0 kinh nghi\u1ec7m h\u1eefu \u00edch trong vi\u1ec7c Th\u1ee5 thai, Mang thai, Nu\u00f4i con, D\u1ea1y con. &nbsp; \u00c2u C\u01a1 M\u1eb9 T\u00f4i cung c\u1ea5p nh\u1eefng n\u1ed9i dung g\u00ec? \u0110i\u1ec3m th\u00fa v\u1ecb c\u1ee7a \u00c2u C\u01a1 M\u1eb9 T\u00f4i l\u00e0 c\u00e1c n\u1ed9i dung, \u1ee9ng d\u1ee5ng \u0111\u01b0\u1ee3c ph\u00e2n lo\u1ea1i theo s\u1ef1 ph\u00e1t tri\u1ec3n theo th\u1eddi gian c\u1ee7a b\u1ea1n, v\u00e0 c\u01a1 s\u1edf khoa h\u1ecdc.\u00a0 Do \u0111\u00f3, khi b\u1ea1n \u0111\u1ecdc b\u00e0i vi\u1ebft tr\u00ean trang n\u00e0y, b\u1ea1n c\u00f3 th\u1ec3 d\u1ec5 d\u00e0ng t\u00ecm th\u1ea5y n\u1ed9i dung li\u00ean quan \u0111\u1ebfn con m\u00ecnh. &nbsp; T\u00f4i c\u00f3 th\u1ec3 b\u00ecnh lu\u1eadn v\u1ec1 c\u00e1c b\u00e0i vi\u1ebft tr\u00ean \u00c2u C\u01a1 M\u1eb9 T\u00f4i kh\u00f4ng? B\u1ea1n c\u00f3 th\u1ec3 c\u1ea7n \u0111\u0103ng nh\u1eadp v\u00e0o t\u00e0i kho\u1ea3n c\u1ee7a m\u00ecnh, \u0111\u00e3 \u0111\u0103ng k\u00fd v\u1edbi \u00c2u C\u01a1 M\u1eb9 T\u00f4i, \u0111\u1ec3 b\u00ecnh lu\u1eadn d\u01b0\u1edbi m\u1ed7i b\u00e0i vi\u1ebft \u0111\u01b0\u1ee3c \u0111\u0103ng t\u1ea3i. &nbsp; T\u00f4i c\u00f3 th\u1ec3 t\u00ecm ki\u1ebfm b\u00e0i vi\u1ebft li\u00ean quan tr\u00ean trang \u00c2u C\u01a1 M\u1eb9 T\u00f4i kh\u00f4ng? Trong danh m\u1ee5c Blog, b\u1ea1n c\u00f3 th\u1ec3 t\u00ecm ki\u1ebfm b\u1eb1ng c\u00e1ch g\u00f5 c\u00e1c t\u1eeb kh\u00f3a mu\u1ed1n t\u00ecm ki\u1ebfm v\u00e0o \u00f4 t\u00ecm ki\u1ebfm b\u00ean ph\u1ea3i c\u1ee7a trang Blog. &nbsp; C\u00e1c th\u00f4ng tin \u0111\u0103ng t\u1ea3i tr\u00ean trang \u00c2u C\u01a1 M\u1eb9 T\u00f4i c\u00f3 tin c\u1eady kh\u00f4ng? C\u00e1c b\u00e0i vi\u1ebft blog \u0111\u0103ng t\u1ea3i tr\u00ean \u00c2u C\u01a1 M\u1eb9 T\u00f4i \u0111\u01b0\u1ee3c t\u1ed5ng h\u1ee3p t\u1eeb nhi\u1ec1u ngu\u1ed3n th\u00f4ng tin khoa h\u1ecdc, b\u00e0i b\u00e1o, nghi\u00ean c\u1ee9u c\u1ee7a chuy\u00ean gia,..v..v.. ; k\u1ebft h\u1ee3p v\u1edbi kinh nghi\u1ec7m nu\u00f4i con th\u1ef1c t\u1ebf c\u1ee7a M\u1eb9 B\u01a1. V\u00ec v\u1eady, c\u00e1c chia s\u1ebb tr\u00ean trang blog s\u1ebd mang t\u00ednh ch\u1ea5t chia s\u1ebb kinh nghi\u1ec7m h\u01a1n l\u00e0 \u0111\u01b0a ra c\u00e1c b\u1eb1ng ch\u1ee9ng nghi\u00ean c\u1ee9u khoa h\u1ecdc. &nbsp; C\u00e1c th\u00f4ng tin v\u1ec1 y t\u1ebf v\u00e0 t\u00e2m l\u00fd h\u1ecdc \u0111\u01b0\u1ee3c \u00c2u C\u01a1 M\u1eb9 T\u00f4i l\u1ea5y t\u1eeb ngu\u1ed3n n\u00e0o? Th\u00f4ng tin c\u1ee7a ch\u00fang t\u00f4i \u0111\u01b0\u1ee3c thu th\u1eadp qua qu\u00e1 tr\u00ecnh t\u00ecm hi\u1ec3u, nghi\u00ean c\u1ee9u tr\u00ean c\u00e1c website trong v\u00e0 ngo\u00e0i n\u01b0\u1edbc kh\u00e1c, d\u1ef1a tr\u00ean nh\u1eefng nghi\u00ean c\u1ee9u m\u1edbi nh\u1ea5t v\u1ec1 vi\u1ec7c ch\u0103m s\u00f3c, nu\u00f4i d\u1ea1y tr\u1ebb em. &nbsp; C\u00e1c th\u00f4ng tin, gi\u1ea3i ph\u00e1p \u0111\u0103ng tr\u00ean \u00c2u C\u01a1 M\u1eb9 T\u00f4i c\u00f3 an to\u00e0n kh\u00f4ng? T\u1ea5t c\u1ea3 th\u00f4ng tin tr\u00ean trang \u0111\u01b0\u1ee3c thu th\u1eadp v\u00e0 t\u1ed5ng h\u1ee3p t\u1eeb c\u00e1c trang \u01b0u t\u00edn, \u0111\u01b0\u1ee3c c\u00f4ng nh\u1eadn kh\u00e1c tr\u00ean Th\u1ebf Gi\u1edbi. Nhi\u1ec1u ngu\u1ed3n c\u00f3 th\u1ec3 vi\u1ebft b\u1eb1ng ng\u00f4n ng\u1eef kh\u00e1c nh\u01b0 Ti\u1ebfng Anh, v\u00e0 \u0111\u01b0\u1ee3c d\u1ecbch ra \u0111\u1ec3 ph\u00f9 h\u1ee3p v\u1edbi v\u0103n h\u00f3a, s\u1ef1 \u0111\u1ecdc hi\u1ec3u c\u1ee7a \u0111\u1ed9c gi\u1ea3 Vi\u1ec7t Nam. &nbsp; T\u00f4i mu\u1ed1n li\u00ean h\u1ec7 \u0111\u1ec3 qu\u1ea3ng c\u00e1o tr\u00ean trang \u00c2u C\u01a1 M\u1eb9 T\u00f4i th\u00ec ph\u1ea3i l\u00e0m th\u1ebf n\u00e0o? B\u1ea1n li\u00ean h\u1ec7 qua h\u00f2m mail support@aucometoi.com \u0111\u1ec3 c\u00f3 th\u00f4ng tin v\u1ec1 v\u1ecb tr\u00ed \u0111\u1eb7t qu\u1ea3ng c\u00e1o, v\u00e0 c\u00e1c th\u00f4ng tin li\u00ean quan kh\u00e1c. &nbsp; Khi c\u1ea7n h\u1ed7 tr\u1ee3, t\u00f4i c\u1ea7n li\u00ean h\u1ec7 nh\u01b0 th\u1ebf n\u00e0o? Khi b\u1ea1n c\u00f3 b\u1ea5t k\u00ec c\u00e2u h\u1ecfi n\u00e0o v\u1ec1 \u00c2u C\u01a1 M\u1eb9 T\u00f4i, ho\u1eb7c nh\u1eefng b\u00e0i vi\u1ebft li\u00ean quan tr\u00ean \u00c2u C\u01a1 M\u1eb9 T\u00f4i, b\u1ea1n c\u00f3 th\u1ec3 g\u1eedi email v\u1ec1 h\u00f2m mail support@aucometoi.com<\/p>","protected":false},"author":1,"featured_media":0,"parent":0,"menu_order":0,"comment_status":"closed","ping_status":"closed","template":"","meta":{"site-sidebar-layout":"no-sidebar","site-content-layout":"page-builder","ast-site-content-layout":"default","site-content-style":"default","site-sidebar-style":"default","ast-global-header-display":"","ast-banner-title-visibility":"","ast-main-header-display":"","ast-hfb-above-header-display":"","ast-hfb-below-header-display":"","ast-hfb-mobile-header-display":"","site-post-title":"disabled","ast-breadcrumbs-content":"","ast-featured-img":"disabled","footer-sml-layout":"","theme-transparent-header-meta":"default","adv-header-id-meta":"","stick-header-meta":"","header-above-stick-meta":"","header-main-stick-meta":"","header-below-stick-meta":"","astra-migrate-meta-layouts":"default","ast-page-background-enabled":"default","ast-page-background-meta":{"desktop":{"background-color":"","background-image":"","background-repeat":"repeat","background-position":"center center","background-size":"auto","background-attachment":"scroll","background-type":"","background-media":"","overlay-type":"","overlay-color":"","overlay-opacity":"","overlay-gradient":""},"tablet":{"background-color":"","background-image":"","background-repeat":"repeat","background-position":"center center","background-size":"auto","background-attachment":"scroll","background-type":"","background-media":"","overlay-type":"","overlay-color":"","overlay-opacity":"","overlay-gradient":""},"mobile":{"background-color":"","background-image":"","background-repeat":"repeat","background-position":"center center","background-size":"auto","background-attachment":"scroll","background-type":"","background-media":"","overlay-type":"","overlay-color":"","overlay-opacity":"","overlay-gradient":""}},"ast-content-background-meta":{"desktop":{"background-color":"var(--ast-global-color-5)","background-image":"","background-repeat":"repeat","background-position":"center center","background-size":"auto","background-attachment":"scroll","background-type":"","background-media":"","overlay-type":"","overlay-color":"","overlay-opacity":"","overlay-gradient":""},"tablet":{"background-color":"var(--ast-global-color-5)","background-image":"","background-repeat":"repeat","background-position":"center center","background-size":"auto","background-attachment":"scroll","background-type":"","background-media":"","overlay-type":"","overlay-color":"","overlay-opacity":"","overlay-gradient":""},"mobile":{"background-color":"var(--ast-global-color-5)","background-image":"","background-repeat":"repeat","background-position":"center center","background-size":"auto","background-attachment":"scroll","background-type":"","background-media":"","overlay-type":"","overlay-color":"","overlay-opacity":"","overlay-gradient":""}},"footnotes":""},"class_list":["post-666","page","type-page","status-publish","hentry"],"yoast_head":"<!-- This site is optimized with the Yoast SEO plugin v25.3.1 - https:\/\/yoast.com\/wordpress\/plugins\/seo\/ -->\n<title>C\u00e2u h\u1ecfi th\u01b0\u1eddng g\u1eb7p | C\u00e2u h\u1ecfi th\u01b0\u1eddng g\u1eb7p | h\u1ecfi \u0111\u00e1p<\/title>\n<meta name=\"description\" content=\"\u0110\u1ecdc c\u00e2u h\u1ecfi th\u01b0\u1eddng g\u1eb7p nh\u1ea5t t\u1eeb \u0111\u1ed9c gi\u1ea3 c\u1ee7a ch\u00fang t\u00f4i. C\u00e1c c\u00e2u h\u1ecfi v\u00e0 c\u00e2u tr\u1ea3 l\u1eddi ph\u1ed5 bi\u1ebfn nh\u1ea5t c\u1ee7a trang web.\" \/>\n<meta name=\"robots\" content=\"index, follow, max-snippet:-1, max-image-preview:large, max-video-preview:-1\" \/>\n<link rel=\"canonical\" href=\"https:\/\/www.aucometoi.com\/frequently-asked-questions\/\" \/>\n<meta property=\"og:locale\" content=\"en_US\" \/>\n<meta property=\"og:type\" content=\"article\" \/>\n<meta property=\"og:title\" content=\"C\u00e2u h\u1ecfi th\u01b0\u1eddng g\u1eb7p | C\u00e2u h\u1ecfi th\u01b0\u1eddng g\u1eb7p | h\u1ecfi \u0111\u00e1p\" \/>\n<meta property=\"og:description\" content=\"\u0110\u1ecdc c\u00e2u h\u1ecfi th\u01b0\u1eddng g\u1eb7p nh\u1ea5t t\u1eeb \u0111\u1ed9c gi\u1ea3 c\u1ee7a ch\u00fang t\u00f4i. C\u00e1c c\u00e2u h\u1ecfi v\u00e0 c\u00e2u tr\u1ea3 l\u1eddi ph\u1ed5 bi\u1ebfn nh\u1ea5t c\u1ee7a trang web.\" \/>\n<meta property=\"og:url\" content=\"https:\/\/www.aucometoi.com\/frequently-asked-questions\/\" \/>\n<meta property=\"og:site_name\" content=\"AuCoMeToi\" \/>\n<meta property=\"article:modified_time\" content=\"2022-11-17T14:57:26+00:00\" \/>\n<meta name=\"twitter:card\" content=\"summary_large_image\" \/>\n<meta name=\"twitter:label1\" content=\"Est. reading time\" \/>\n\t<meta name=\"twitter:data1\" content=\"3 minutes\" \/>\n<script type=\"application\/ld+json\" class=\"yoast-schema-graph\">{\"@context\":\"https:\/\/schema.org\",\"@graph\":[{\"@type\":\"WebPage\",\"@id\":\"https:\/\/www.aucometoi.com\/frequently-asked-questions\/\",\"url\":\"https:\/\/www.aucometoi.com\/frequently-asked-questions\/\",\"name\":\"C\u00e2u h\u1ecfi th\u01b0\u1eddng g\u1eb7p | C\u00e2u h\u1ecfi th\u01b0\u1eddng g\u1eb7p | h\u1ecfi \u0111\u00e1p\",\"isPartOf\":{\"@id\":\"https:\/\/www.aucometoi.com\/#website\"},\"datePublished\":\"2022-09-24T14:37:10+00:00\",\"dateModified\":\"2022-11-17T14:57:26+00:00\",\"description\":\"\u0110\u1ecdc c\u00e2u h\u1ecfi th\u01b0\u1eddng g\u1eb7p nh\u1ea5t t\u1eeb \u0111\u1ed9c gi\u1ea3 c\u1ee7a ch\u00fang t\u00f4i. C\u00e1c c\u00e2u h\u1ecfi v\u00e0 c\u00e2u tr\u1ea3 l\u1eddi ph\u1ed5 bi\u1ebfn nh\u1ea5t c\u1ee7a trang web.\",\"breadcrumb\":{\"@id\":\"https:\/\/www.aucometoi.com\/frequently-asked-questions\/#breadcrumb\"},\"inLanguage\":\"en-US\",\"potentialAction\":[{\"@type\":\"ReadAction\",\"target\":[\"https:\/\/www.aucometoi.com\/frequently-asked-questions\/\"]}]},{\"@type\":\"BreadcrumbList\",\"@id\":\"https:\/\/www.aucometoi.com\/frequently-asked-questions\/#breadcrumb\",\"itemListElement\":[{\"@type\":\"ListItem\",\"position\":1,\"name\":\"Home\",\"item\":\"https:\/\/www.aucometoi.com\/\"},{\"@type\":\"ListItem\",\"position\":2,\"name\":\"C\u00e2u H\u1ecfi Th\u01b0\u1eddng G\u1eb7p\"}]},{\"@type\":\"WebSite\",\"@id\":\"https:\/\/www.aucometoi.com\/#website\",\"url\":\"https:\/\/www.aucometoi.com\/\",\"name\":\"AuCoMeToi\",\"description\":\"Just another WordPress site\",\"publisher\":{\"@id\":\"https:\/\/www.aucometoi.com\/#organization\"},\"potentialAction\":[{\"@type\":\"SearchAction\",\"target\":{\"@type\":\"EntryPoint\",\"urlTemplate\":\"https:\/\/www.aucometoi.com\/?s={search_term_string}\"},\"query-input\":{\"@type\":\"PropertyValueSpecification\",\"valueRequired\":true,\"valueName\":\"search_term_string\"}}],\"inLanguage\":\"en-US\"},{\"@type\":\"Organization\",\"@id\":\"https:\/\/www.aucometoi.com\/#organization\",\"name\":\"AuCoMeToi\",\"url\":\"https:\/\/www.aucometoi.com\/\",\"logo\":{\"@type\":\"ImageObject\",\"inLanguage\":\"en-US\",\"@id\":\"https:\/\/www.aucometoi.com\/#\/schema\/logo\/image\/\",\"url\":\"https:\/\/aucometoi.com\/wp-content\/uploads\/2022\/09\/aucometoi-logo.png\",\"contentUrl\":\"https:\/\/aucometoi.com\/wp-content\/uploads\/2022\/09\/aucometoi-logo.png\",\"width\":592,\"height\":150,\"caption\":\"AuCoMeToi\"},\"image\":{\"@id\":\"https:\/\/www.aucometoi.com\/#\/schema\/logo\/image\/\"}}]}<\/script>\n<!-- \/ Yoast SEO plugin. -->","yoast_head_json":{"title":"C\u00e2u h\u1ecfi th\u01b0\u1eddng g\u1eb7p | C\u00e2u h\u1ecfi th\u01b0\u1eddng g\u1eb7p | h\u1ecfi \u0111\u00e1p","description":"\u0110\u1ecdc c\u00e2u h\u1ecfi th\u01b0\u1eddng g\u1eb7p nh\u1ea5t t\u1eeb \u0111\u1ed9c gi\u1ea3 c\u1ee7a ch\u00fang t\u00f4i. C\u00e1c c\u00e2u h\u1ecfi v\u00e0 c\u00e2u tr\u1ea3 l\u1eddi ph\u1ed5 bi\u1ebfn nh\u1ea5t c\u1ee7a trang web.","robots":{"index":"index","follow":"follow","max-snippet":"max-snippet:-1","max-image-preview":"max-image-preview:large","max-video-preview":"max-video-preview:-1"},"canonical":"https:\/\/www.aucometoi.com\/frequently-asked-questions\/","og_locale":"en_US","og_type":"article","og_title":"C\u00e2u h\u1ecfi th\u01b0\u1eddng g\u1eb7p | C\u00e2u h\u1ecfi th\u01b0\u1eddng g\u1eb7p | h\u1ecfi \u0111\u00e1p","og_description":"\u0110\u1ecdc c\u00e2u h\u1ecfi th\u01b0\u1eddng g\u1eb7p nh\u1ea5t t\u1eeb \u0111\u1ed9c gi\u1ea3 c\u1ee7a ch\u00fang t\u00f4i. C\u00e1c c\u00e2u h\u1ecfi v\u00e0 c\u00e2u tr\u1ea3 l\u1eddi ph\u1ed5 bi\u1ebfn nh\u1ea5t c\u1ee7a trang web.","og_url":"https:\/\/www.aucometoi.com\/frequently-asked-questions\/","og_site_name":"AuCoMeToi","article_modified_time":"2022-11-17T14:57:26+00:00","twitter_card":"summary_large_image","twitter_misc":{"Est. reading time":"3 minutes"},"schema":{"@context":"https:\/\/schema.org","@graph":[{"@type":"WebPage","@id":"https:\/\/www.aucometoi.com\/frequently-asked-questions\/","url":"https:\/\/www.aucometoi.com\/frequently-asked-questions\/","name":"C\u00e2u h\u1ecfi th\u01b0\u1eddng g\u1eb7p | C\u00e2u h\u1ecfi th\u01b0\u1eddng g\u1eb7p | h\u1ecfi \u0111\u00e1p","isPartOf":{"@id":"https:\/\/www.aucometoi.com\/#website"},"datePublished":"2022-09-24T14:37:10+00:00","dateModified":"2022-11-17T14:57:26+00:00","description":"\u0110\u1ecdc c\u00e2u h\u1ecfi th\u01b0\u1eddng g\u1eb7p nh\u1ea5t t\u1eeb \u0111\u1ed9c gi\u1ea3 c\u1ee7a ch\u00fang t\u00f4i. C\u00e1c c\u00e2u h\u1ecfi v\u00e0 c\u00e2u tr\u1ea3 l\u1eddi ph\u1ed5 bi\u1ebfn nh\u1ea5t c\u1ee7a trang web.","breadcrumb":{"@id":"https:\/\/www.aucometoi.com\/frequently-asked-questions\/#breadcrumb"},"inLanguage":"en-US","potentialAction":[{"@type":"ReadAction","target":["https:\/\/www.aucometoi.com\/frequently-asked-questions\/"]}]},{"@type":"BreadcrumbList","@id":"https:\/\/www.aucometoi.com\/frequently-asked-questions\/#breadcrumb","itemListElement":[{"@type":"ListItem","position":1,"name":"Home","item":"https:\/\/www.aucometoi.com\/"},{"@type":"ListItem","position":2,"name":"C\u00e2u H\u1ecfi Th\u01b0\u1eddng G\u1eb7p"}]},{"@type":"WebSite","@id":"https:\/\/www.aucometoi.com\/#website","url":"https:\/\/www.aucometoi.com\/","name":"AuCoMeToi","description":"Just another WordPress site","publisher":{"@id":"https:\/\/www.aucometoi.com\/#organization"},"potentialAction":[{"@type":"SearchAction","target":{"@type":"EntryPoint","urlTemplate":"https:\/\/www.aucometoi.com\/?s={search_term_string}"},"query-input":{"@type":"PropertyValueSpecification","valueRequired":true,"valueName":"search_term_string"}}],"inLanguage":"en-US"},{"@type":"Organization","@id":"https:\/\/www.aucometoi.com\/#organization","name":"AuCoMeToi","url":"https:\/\/www.aucometoi.com\/","logo":{"@type":"ImageObject","inLanguage":"en-US","@id":"https:\/\/www.aucometoi.com\/#\/schema\/logo\/image\/","url":"https:\/\/aucometoi.com\/wp-content\/uploads\/2022\/09\/aucometoi-logo.png","contentUrl":"https:\/\/aucometoi.com\/wp-content\/uploads\/2022\/09\/aucometoi-logo.png","width":592,"height":150,"caption":"AuCoMeToi"},"image":{"@id":"https:\/\/www.aucometoi.com\/#\/schema\/logo\/image\/"}}]}},"_links":{"self":[{"href":"https:\/\/aucometoi.com\/en\/wp-json\/wp\/v2\/pages\/666","targetHints":{"allow":["GET"]}}],"collection":[{"href":"https:\/\/aucometoi.com\/en\/wp-json\/wp\/v2\/pages"}],"about":[{"href":"https:\/\/aucometoi.com\/en\/wp-json\/wp\/v2\/types\/page"}],"author":[{"embeddable":true,"href":"https:\/\/aucometoi.com\/en\/wp-json\/wp\/v2\/users\/1"}],"replies":[{"embeddable":true,"href":"https:\/\/aucometoi.com\/en\/wp-json\/wp\/v2\/comments?post=666"}],"version-history":[{"count":5,"href":"https:\/\/aucometoi.com\/en\/wp-json\/wp\/v2\/pages\/666\/revisions"}],"predecessor-version":[{"id":2543,"href":"https:\/\/aucometoi.com\/en\/wp-json\/wp\/v2\/pages\/666\/revisions\/2543"}],"wp:attachment":[{"href":"https:\/\/aucometoi.com\/en\/wp-json\/wp\/v2\/media?parent=666"}],"curies":[{"name":"wp","href":"https:\/\/api.w.org\/{rel}","templated":true}]}}